{"id":366,"date":"2026-01-14T06:10:48","date_gmt":"2026-01-14T06:10:48","guid":{"rendered":"https:\/\/globalfitnesscoach.org\/contacto\/"},"modified":"2026-02-04T05:47:54","modified_gmt":"2026-02-04T05:47:54","slug":"contacto","status":"publish","type":"page","link":"https:\/\/globalfitnesscoach.org\/es\/contacto\/","title":{"rendered":"Contacto"},"content":{"rendered":"<p>[et_pb_section fb_built=\u00bb1&#8243; custom_padding_last_edited=\u00bbon|tablet\u00bb admin_label=\u00bbHeader\u00bb _builder_version=\u00bb4.27.5&#8243; _module_preset=\u00bbdefault\u00bb use_background_color_gradient=\u00bbon\u00bb background_color_gradient_stops=\u00bbrgba(167,178,177,0.39) 0%|rgba(51, 79, 76, 0.91) 73%|gcid-d68ae118-b23f-459d-952f-eb65e8e9e320 100%\u00bb background_color_gradient_overlays_image=\u00bbon\u00bb background_color_gradient_start=\u00bbrgba(18,17,93,0.4)\u00bb background_color_gradient_end=\u00bbrgba(18,17,93,0.92)\u00bb background_image=\u00bbhttps:\/\/globalfitnesscoach.org\/wp-content\/uploads\/2026\/01\/Ashaman-contact-section.jpg\u00bb custom_padding=\u00bb120px||0px|||\u00bb custom_padding_tablet=\u00bb20px||||false|false\u00bb custom_padding_phone=\u00bb10px||||false|false\u00bb use_background_color_gradient_tablet=\u00bbon\u00bb background_color_gradient_stops_tablet=\u00bbrgba(255,255,255,0.6) 0%|rgba(255,255,255,0.6) 100%\u00bb background_color_gradient_start_tablet=\u00bbrgba(255,255,255,0.6)\u00bb background_color_gradient_end_tablet=\u00bbrgba(255,255,255,0.6)\u00bb locked=\u00bboff\u00bb global_colors_info=\u00bb{%22gcid-d68ae118-b23f-459d-952f-eb65e8e9e320%22:%91%22background_color_gradient_stops%22%93}\u00bb][et_pb_row column_structure=\u00bb1_2,1_2&#8243; custom_padding_last_edited=\u00bbon|phone\u00bb _builder_version=\u00bb4.27.5&#8243; _module_preset=\u00bbdefault\u00bb custom_margin_tablet=\u00bb\u00bb custom_margin_phone=\u00bb30px||||false|false\u00bb custom_margin_last_edited=\u00bbon|phone\u00bb custom_padding_tablet=\u00bb\u00bb custom_padding_phone=\u00bb0px||0px||false|false\u00bb locked=\u00bboff\u00bb global_colors_info=\u00bb{}\u00bb][et_pb_column type=\u00bb1_2&#8243; _builder_version=\u00bb4.16&#8243; _module_preset=\u00bbdefault\u00bb global_colors_info=\u00bb{}\u00bb][\/et_pb_column][et_pb_column type=\u00bb1_2&#8243; _builder_version=\u00bb4.16&#8243; _module_preset=\u00bbdefault\u00bb global_colors_info=\u00bb{}\u00bb][et_pb_text _builder_version=\u00bb4.27.5&#8243; _module_preset=\u00bbd72c0383-6487-4f2c-ac5c-7d48a6376757&#8243; header_font=\u00bb&#8211;et_global_heading_font||||||||\u00bb header_text_color=\u00bb#FFFFFF\u00bb background_layout=\u00bbdark\u00bb custom_margin=\u00bb|-10%|||false|false\u00bb custom_margin_tablet=\u00bb|0%|||false|false\u00bb custom_margin_phone=\u00bb\u00bb custom_margin_last_edited=\u00bbon|tablet\u00bb custom_padding=\u00bb||||false|false\u00bb animation_direction=\u00bbtop\u00bb hover_enabled=\u00bb0&#8243; header_font_size_tablet=\u00bb75px\u00bb header_font_size_phone=\u00bb\u00bb header_font_size_last_edited=\u00bbon|phone\u00bb locked=\u00bboff\u00bb global_colors_info=\u00bb{}\u00bb sticky_enabled=\u00bb0&#8243;]<\/p>\n<h1>Ponte en Contacto<\/h1>\n<p>[\/et_pb_text][\/et_pb_column][\/et_pb_row][et_pb_row column_structure=\u00bb1_2,1_2&#8243; _builder_version=\u00bb4.27.5&#8243; _module_preset=\u00bbdefault\u00bb width_tablet=\u00bb\u00bb width_phone=\u00bb100%\u00bb width_last_edited=\u00bbon|phone\u00bb custom_padding=\u00bb||0px|||\u00bb locked=\u00bboff\u00bb global_colors_info=\u00bb{}\u00bb][et_pb_column type=\u00bb1_2&#8243; _builder_version=\u00bb4.16&#8243; _module_preset=\u00bbdefault\u00bb z_index=\u00bb10&#8243; global_colors_info=\u00bb{}\u00bb][et_pb_image src=\u00bbhttps:\/\/globalfitnesscoach.org\/wp-content\/uploads\/2026\/01\/Home-about-ashaman-gray.jpg\u00bb title_text=\u00bbInicio-acerca-de-ashaman-gray\u00bb _builder_version=\u00bb4.27.5&#8243; _module_preset=\u00bbdefault\u00bb max_height_tablet=\u00bb400px\u00bb max_height_phone=\u00bb\u00bb max_height_last_edited=\u00bbon|phone\u00bb custom_margin=\u00bb-40%||0px||false|false\u00bb custom_margin_tablet=\u00bb0%||||false|false\u00bb custom_margin_phone=\u00bb\u00bb custom_margin_last_edited=\u00bbon|desktop\u00bb locked=\u00bboff\u00bb global_colors_info=\u00bb{}\u00bb][\/et_pb_image][\/et_pb_column][et_pb_column type=\u00bb1_2&#8243; _builder_version=\u00bb4.27.5&#8243; _module_preset=\u00bbdefault\u00bb background_color=\u00bbgcid-d68ae118-b23f-459d-952f-eb65e8e9e320&#8243; custom_padding=\u00bb50px|60px|20px|0px|false|false\u00bb custom_padding_tablet=\u00bb40px|30px|40px||true|false\u00bb custom_padding_phone=\u00bb|40px||40px|true|true\u00bb custom_padding_last_edited=\u00bbon|phone\u00bb box_shadow_style=\u00bbpreset4&#8243; box_shadow_horizontal=\u00bb-180px\u00bb box_shadow_vertical=\u00bb0px\u00bb box_shadow_color=\u00bbgcid-d68ae118-b23f-459d-952f-eb65e8e9e320&#8243; global_colors_info=\u00bb{%22gcid-d68ae118-b23f-459d-952f-eb65e8e9e320%22:%91%22background_color%22,%22box_shadow_color%22%93}\u00bb][et_pb_text _builder_version=\u00bb4.27.5&#8243; _module_preset=\u00bb16a54059-cc81-4572-9c70-eda6a6c419bf\u00bb text_text_color=\u00bb#FFFFFF\u00bb text_font_size_tablet=\u00bb15px\u00bb text_font_size_phone=\u00bb13px\u00bb text_font_size_last_edited=\u00bboff|desktop\u00bb header_font_size_tablet=\u00bb55px\u00bb locked=\u00bboff\u00bb global_colors_info=\u00bb{}\u00bb]<\/p>\n<p>Si tienes curiosidad por trabajar juntos, el primer paso es sencillo. Ponte en contacto para hablar sobre tus objetivos, hacer preguntas o ver qu\u00e9 se siente adecuado para ti. <\/p>\n<p>Ya sea que te interese el entrenamiento, el bodywork acu\u00e1tico o ambos, estar\u00e9 encantado de conectar contigo.<\/p>\n<p>[\/et_pb_text][et_pb_blurb title=\u00bbDirecci\u00f3n\u00bb use_icon=\u00bbon\u00bb font_icon=\u00bb&#xe080;||divi||400&#8243; icon_color=\u00bbgcid-5372a90b-792a-4aed-bfec-36e043923c12&#8243; icon_placement=\u00bbleft\u00bb image_icon_width=\u00bb20px\u00bb content_max_width=\u00bb100%\u00bb image_icon_width_tablet=\u00bb18px\u00bb image_icon_width_phone=\u00bb18px\u00bb image_icon_width_last_edited=\u00bbon|phone\u00bb _builder_version=\u00bb4.27.5&#8243; _module_preset=\u00bb794e3381-eaa8-4dd9-ae78-e1c4b9119be9&#8243; header_level=\u00bbh3&#8243; header_font=\u00bb&#8211;et_global_heading_font||||||||\u00bb header_text_color=\u00bb#FFFFFF\u00bb header_font_size=\u00bb30px\u00bb header_line_height=\u00bb0.8em\u00bb body_text_color=\u00bb#FFFFFF\u00bb body_line_height=\u00bb1.8em\u00bb custom_padding=\u00bb20px||0px||false|false\u00bb custom_padding_tablet=\u00bb15px||15px||true|false\u00bb custom_padding_phone=\u00bb10px||10px||true|false\u00bb custom_padding_last_edited=\u00bbon|phone\u00bb animation=\u00bboff\u00bb header_font_size_tablet=\u00bb30px\u00bb header_font_size_phone=\u00bb25px\u00bb header_font_size_last_edited=\u00bbon|desktop\u00bb icon_font_size=\u00bb20px\u00bb icon_font_size_tablet=\u00bb18px\u00bb icon_font_size_phone=\u00bb\u00bb icon_font_size_last_edited=\u00bbon|phone\u00bb locked=\u00bboff\u00bb global_colors_info=\u00bb{%22gcid-5372a90b-792a-4aed-bfec-36e043923c12%22:%91%22icon_color%22%93}\u00bb]<\/p>\n<p>Mairena del Aljarafe<br \/>Sevilla, Espa\u00f1a<\/p>\n<p>[\/et_pb_blurb][et_pb_blurb title=\u00bbTel\u00e9fono \/ WhatsApp\u00bb use_icon=\u00bbon\u00bb font_icon=\u00bb&#xe090;||divi||400&#8243; icon_color=\u00bbgcid-5372a90b-792a-4aed-bfec-36e043923c12&#8243; icon_placement=\u00bbleft\u00bb image_icon_width=\u00bb20px\u00bb content_max_width=\u00bb100%\u00bb image_icon_width_tablet=\u00bb18px\u00bb image_icon_width_phone=\u00bb18px\u00bb image_icon_width_last_edited=\u00bbon|phone\u00bb _builder_version=\u00bb4.27.5&#8243; _module_preset=\u00bb794e3381-eaa8-4dd9-ae78-e1c4b9119be9&#8243; header_level=\u00bbh3&#8243; header_font=\u00bb&#8211;et_global_heading_font||||||||\u00bb header_text_color=\u00bb#FFFFFF\u00bb header_font_size=\u00bb30px\u00bb header_line_height=\u00bb0.8em\u00bb body_text_color=\u00bb#FFFFFF\u00bb body_line_height=\u00bb1.8em\u00bb custom_padding=\u00bb10px||0px||false|false\u00bb custom_padding_tablet=\u00bb15px||15px||true|false\u00bb custom_padding_phone=\u00bb10px||10px||true|false\u00bb custom_padding_last_edited=\u00bbon|phone\u00bb animation=\u00bboff\u00bb header_font_size_tablet=\u00bb30px\u00bb header_font_size_phone=\u00bb25px\u00bb header_font_size_last_edited=\u00bbon|desktop\u00bb icon_font_size=\u00bb20px\u00bb icon_font_size_tablet=\u00bb18px\u00bb icon_font_size_phone=\u00bb\u00bb icon_font_size_last_edited=\u00bbon|phone\u00bb locked=\u00bboff\u00bb global_colors_info=\u00bb{%22gcid-5372a90b-792a-4aed-bfec-36e043923c12%22:%91%22icon_color%22%93}\u00bb]<\/p>\n<p><a href=\"tel:+34%20683%20291%20398\" target=\"_blank\" rel=\"noopener\">+34 683 291 398<\/a><\/p>\n<p>[\/et_pb_blurb][et_pb_blurb title=\u00bbCorreo Electr\u00f3nico\u00bb use_icon=\u00bbon\u00bb font_icon=\u00bb&#xf0e0;||fa||900&#8243; icon_color=\u00bbgcid-5372a90b-792a-4aed-bfec-36e043923c12&#8243; icon_placement=\u00bbleft\u00bb image_icon_width=\u00bb20px\u00bb content_max_width=\u00bb100%\u00bb image_icon_width_tablet=\u00bb18px\u00bb image_icon_width_phone=\u00bb18px\u00bb image_icon_width_last_edited=\u00bbon|phone\u00bb _builder_version=\u00bb4.27.5&#8243; _module_preset=\u00bb794e3381-eaa8-4dd9-ae78-e1c4b9119be9&#8243; header_level=\u00bbh3&#8243; header_font=\u00bb&#8211;et_global_heading_font||||||||\u00bb header_text_color=\u00bb#FFFFFF\u00bb header_font_size=\u00bb30px\u00bb header_line_height=\u00bb0.8em\u00bb body_text_color=\u00bb#FFFFFF\u00bb body_line_height=\u00bb1.8em\u00bb custom_padding=\u00bb10px||20px||false|false\u00bb custom_padding_tablet=\u00bb15px||15px||true|false\u00bb custom_padding_phone=\u00bb10px||10px||true|false\u00bb custom_padding_last_edited=\u00bbon|phone\u00bb animation=\u00bboff\u00bb header_font_size_tablet=\u00bb30px\u00bb header_font_size_phone=\u00bb25px\u00bb header_font_size_last_edited=\u00bbon|desktop\u00bb icon_font_size=\u00bb20px\u00bb icon_font_size_tablet=\u00bb18px\u00bb icon_font_size_phone=\u00bb\u00bb icon_font_size_last_edited=\u00bbon|phone\u00bb locked=\u00bboff\u00bb global_colors_info=\u00bb{%22gcid-5372a90b-792a-4aed-bfec-36e043923c12%22:%91%22icon_color%22%93}\u00bb]<\/p>\n<p><a href=\"mailto:ashaman975@gmail.com\" target=\"_blank\" rel=\"noopener\">ashaman975@gmail.com<\/a><\/p>\n<p>[\/et_pb_blurb][\/et_pb_column][\/et_pb_row][\/et_pb_section]<\/p>\n","protected":false},"excerpt":{"rendered":"<p>Ponte en ContactoSi tienes curiosidad por trabajar juntos, el primer paso es sencillo. Ponte en contacto para hablar sobre tus objetivos, hacer preguntas o ver qu\u00e9 se siente adecuado para ti. Ya sea que te interese el entrenamiento, el bodywork acu\u00e1tico o ambos, estar\u00e9 encantado de conectar contigo.Mairena del AljarafeSevilla, Espa\u00f1a+34 683 291 398ashaman975@gmail.com<\/p>\n","protected":false},"author":1,"featured_media":0,"parent":0,"menu_order":0,"comment_status":"closed","ping_status":"closed","template":"","meta":{"_acf_changed":false,"_et_pb_use_builder":"on","_et_pb_old_content":"","_et_gb_content_width":"","footnotes":""},"class_list":["post-366","page","type-page","status-publish","hentry"],"acf":[],"yoast_head":"<!-- This site is optimized with the Yoast SEO plugin v26.9 - https:\/\/yoast.com\/product\/yoast-seo-wordpress\/ -->\n<title>Contacto con Ashaman Gray | Entrenamiento y Bodywork Acu\u00e1ticoBodywork<\/title>\n<meta name=\"description\" content=\"Ponte en contacto con Ashaman Gray para hacer preguntas o consultar sobre entrenamiento o bodywork acu\u00e1tico, de forma presencial u online.\" \/>\n<meta name=\"robots\" content=\"index, follow, max-snippet:-1, max-image-preview:large, max-video-preview:-1\" \/>\n<link rel=\"canonical\" href=\"https:\/\/globalfitnesscoach.org\/es\/contacto\/\" \/>\n<meta property=\"og:locale\" content=\"es_ES\" \/>\n<meta property=\"og:type\" content=\"article\" \/>\n<meta property=\"og:title\" content=\"Contacto con Ashaman Gray | Entrenamiento y Bodywork Acu\u00e1ticoBodywork\" \/>\n<meta property=\"og:description\" content=\"Ponte en contacto con Ashaman Gray para hacer preguntas o consultar sobre entrenamiento o bodywork acu\u00e1tico, de forma presencial u online.\" \/>\n<meta property=\"og:url\" content=\"https:\/\/globalfitnesscoach.org\/es\/contacto\/\" \/>\n<meta property=\"og:site_name\" content=\"globalfitnesscoach.org\" \/>\n<meta property=\"article:modified_time\" content=\"2026-02-04T05:47:54+00:00\" \/>\n<meta name=\"twitter:card\" content=\"summary_large_image\" \/>\n<meta name=\"twitter:label1\" content=\"Tiempo de lectura\" \/>\n\t<meta name=\"twitter:data1\" content=\"6 minutos\" \/>\n<script type=\"application\/ld+json\" class=\"yoast-schema-graph\">{\"@context\":\"https:\/\/schema.org\",\"@graph\":[{\"@type\":\"WebPage\",\"@id\":\"https:\/\/globalfitnesscoach.org\/es\/contacto\/\",\"url\":\"https:\/\/globalfitnesscoach.org\/es\/contacto\/\",\"name\":\"Contacto con Ashaman Gray | Entrenamiento y Bodywork Acu\u00e1ticoBodywork\",\"isPartOf\":{\"@id\":\"https:\/\/globalfitnesscoach.org\/es\/#website\"},\"datePublished\":\"2026-01-14T06:10:48+00:00\",\"dateModified\":\"2026-02-04T05:47:54+00:00\",\"description\":\"Ponte en contacto con Ashaman Gray para hacer preguntas o consultar sobre entrenamiento o bodywork acu\u00e1tico, de forma presencial u online.\",\"breadcrumb\":{\"@id\":\"https:\/\/globalfitnesscoach.org\/es\/contacto\/#breadcrumb\"},\"inLanguage\":\"es\",\"potentialAction\":[{\"@type\":\"ReadAction\",\"target\":[\"https:\/\/globalfitnesscoach.org\/es\/contacto\/\"]}]},{\"@type\":\"BreadcrumbList\",\"@id\":\"https:\/\/globalfitnesscoach.org\/es\/contacto\/#breadcrumb\",\"itemListElement\":[{\"@type\":\"ListItem\",\"position\":1,\"name\":\"Home\",\"item\":\"https:\/\/globalfitnesscoach.org\/es\/pagina-principal\/\"},{\"@type\":\"ListItem\",\"position\":2,\"name\":\"Contacto\"}]},{\"@type\":\"WebSite\",\"@id\":\"https:\/\/globalfitnesscoach.org\/es\/#website\",\"url\":\"https:\/\/globalfitnesscoach.org\/es\/\",\"name\":\"globalfitnesscoach.org\",\"description\":\"Health-First Fitness &amp; Aquatic Bodywork\",\"publisher\":{\"@id\":\"https:\/\/globalfitnesscoach.org\/es\/#\/schema\/person\/ab88c7f0be04f75538d13077d2f8e45f\"},\"potentialAction\":[{\"@type\":\"SearchAction\",\"target\":{\"@type\":\"EntryPoint\",\"urlTemplate\":\"https:\/\/globalfitnesscoach.org\/es\/?s={search_term_string}\"},\"query-input\":{\"@type\":\"PropertyValueSpecification\",\"valueRequired\":true,\"valueName\":\"search_term_string\"}}],\"inLanguage\":\"es\"},{\"@type\":[\"Person\",\"Organization\"],\"@id\":\"https:\/\/globalfitnesscoach.org\/es\/#\/schema\/person\/ab88c7f0be04f75538d13077d2f8e45f\",\"name\":\"shandra@octostudio.fr\",\"image\":{\"@type\":\"ImageObject\",\"inLanguage\":\"es\",\"@id\":\"https:\/\/globalfitnesscoach.org\/es\/#\/schema\/person\/image\/\",\"url\":\"https:\/\/globalfitnesscoach.org\/wp-content\/uploads\/2026\/02\/Ashaman-gray.png\",\"contentUrl\":\"https:\/\/globalfitnesscoach.org\/wp-content\/uploads\/2026\/02\/Ashaman-gray.png\",\"width\":279,\"height\":83,\"caption\":\"shandra@octostudio.fr\"},\"logo\":{\"@id\":\"https:\/\/globalfitnesscoach.org\/es\/#\/schema\/person\/image\/\"},\"sameAs\":[\"http:\/\/localhost:10003\"]}]}<\/script>\n<!-- \/ Yoast SEO plugin. -->","yoast_head_json":{"title":"Contacto con Ashaman Gray | Entrenamiento y Bodywork Acu\u00e1ticoBodywork","description":"Ponte en contacto con Ashaman Gray para hacer preguntas o consultar sobre entrenamiento o bodywork acu\u00e1tico, de forma presencial u online.","robots":{"index":"index","follow":"follow","max-snippet":"max-snippet:-1","max-image-preview":"max-image-preview:large","max-video-preview":"max-video-preview:-1"},"canonical":"https:\/\/globalfitnesscoach.org\/es\/contacto\/","og_locale":"es_ES","og_type":"article","og_title":"Contacto con Ashaman Gray | Entrenamiento y Bodywork Acu\u00e1ticoBodywork","og_description":"Ponte en contacto con Ashaman Gray para hacer preguntas o consultar sobre entrenamiento o bodywork acu\u00e1tico, de forma presencial u online.","og_url":"https:\/\/globalfitnesscoach.org\/es\/contacto\/","og_site_name":"globalfitnesscoach.org","article_modified_time":"2026-02-04T05:47:54+00:00","twitter_card":"summary_large_image","twitter_misc":{"Tiempo de lectura":"6 minutos"},"schema":{"@context":"https:\/\/schema.org","@graph":[{"@type":"WebPage","@id":"https:\/\/globalfitnesscoach.org\/es\/contacto\/","url":"https:\/\/globalfitnesscoach.org\/es\/contacto\/","name":"Contacto con Ashaman Gray | Entrenamiento y Bodywork Acu\u00e1ticoBodywork","isPartOf":{"@id":"https:\/\/globalfitnesscoach.org\/es\/#website"},"datePublished":"2026-01-14T06:10:48+00:00","dateModified":"2026-02-04T05:47:54+00:00","description":"Ponte en contacto con Ashaman Gray para hacer preguntas o consultar sobre entrenamiento o bodywork acu\u00e1tico, de forma presencial u online.","breadcrumb":{"@id":"https:\/\/globalfitnesscoach.org\/es\/contacto\/#breadcrumb"},"inLanguage":"es","potentialAction":[{"@type":"ReadAction","target":["https:\/\/globalfitnesscoach.org\/es\/contacto\/"]}]},{"@type":"BreadcrumbList","@id":"https:\/\/globalfitnesscoach.org\/es\/contacto\/#breadcrumb","itemListElement":[{"@type":"ListItem","position":1,"name":"Home","item":"https:\/\/globalfitnesscoach.org\/es\/pagina-principal\/"},{"@type":"ListItem","position":2,"name":"Contacto"}]},{"@type":"WebSite","@id":"https:\/\/globalfitnesscoach.org\/es\/#website","url":"https:\/\/globalfitnesscoach.org\/es\/","name":"globalfitnesscoach.org","description":"Health-First Fitness &amp; Aquatic Bodywork","publisher":{"@id":"https:\/\/globalfitnesscoach.org\/es\/#\/schema\/person\/ab88c7f0be04f75538d13077d2f8e45f"},"potentialAction":[{"@type":"SearchAction","target":{"@type":"EntryPoint","urlTemplate":"https:\/\/globalfitnesscoach.org\/es\/?s={search_term_string}"},"query-input":{"@type":"PropertyValueSpecification","valueRequired":true,"valueName":"search_term_string"}}],"inLanguage":"es"},{"@type":["Person","Organization"],"@id":"https:\/\/globalfitnesscoach.org\/es\/#\/schema\/person\/ab88c7f0be04f75538d13077d2f8e45f","name":"shandra@octostudio.fr","image":{"@type":"ImageObject","inLanguage":"es","@id":"https:\/\/globalfitnesscoach.org\/es\/#\/schema\/person\/image\/","url":"https:\/\/globalfitnesscoach.org\/wp-content\/uploads\/2026\/02\/Ashaman-gray.png","contentUrl":"https:\/\/globalfitnesscoach.org\/wp-content\/uploads\/2026\/02\/Ashaman-gray.png","width":279,"height":83,"caption":"shandra@octostudio.fr"},"logo":{"@id":"https:\/\/globalfitnesscoach.org\/es\/#\/schema\/person\/image\/"},"sameAs":["http:\/\/localhost:10003"]}]}},"_links":{"self":[{"href":"https:\/\/globalfitnesscoach.org\/es\/wp-json\/wp\/v2\/pages\/366","targetHints":{"allow":["GET"]}}],"collection":[{"href":"https:\/\/globalfitnesscoach.org\/es\/wp-json\/wp\/v2\/pages"}],"about":[{"href":"https:\/\/globalfitnesscoach.org\/es\/wp-json\/wp\/v2\/types\/page"}],"author":[{"embeddable":true,"href":"https:\/\/globalfitnesscoach.org\/es\/wp-json\/wp\/v2\/users\/1"}],"replies":[{"embeddable":true,"href":"https:\/\/globalfitnesscoach.org\/es\/wp-json\/wp\/v2\/comments?post=366"}],"version-history":[{"count":15,"href":"https:\/\/globalfitnesscoach.org\/es\/wp-json\/wp\/v2\/pages\/366\/revisions"}],"predecessor-version":[{"id":1016,"href":"https:\/\/globalfitnesscoach.org\/es\/wp-json\/wp\/v2\/pages\/366\/revisions\/1016"}],"wp:attachment":[{"href":"https:\/\/globalfitnesscoach.org\/es\/wp-json\/wp\/v2\/media?parent=366"}],"curies":[{"name":"wp","href":"https:\/\/api.w.org\/{rel}","templated":true}]}}